{"id":84,"date":"2016-01-14T00:00:00","date_gmt":"2016-01-13T23:00:00","guid":{"rendered":"https:\/\/www.speedkart.fr\/speedkart-2\/"},"modified":"2019-08-14T20:29:11","modified_gmt":"2019-08-14T18:29:11","slug":"speedkart-2","status":"publish","type":"page","link":"https:\/\/www.speedkart.fr\/en\/speedkart-2\/","title":{"rendered":"Speedkart"},"content":{"rendered":"<h1>Notre Parc de Loisirs<\/h1>\n<p>Notre parc de loisirs est sp\u00e9cialis\u00e9 dans<strong> la location de karting grand public<\/strong>\u00a0pour les adultes et les enfants et dans<strong> l&#8217;organisation de challenges priv\u00e9s <\/strong>(Entreprises, CE, groupes d&#8217;amis, familles, \u00e9v\u00e9nements particuliers&#8230;.) <strong>et challenges ouvert \u00e0 tous <\/strong>(Speedcup, Troph\u00e9e de saison, les 6h&#8230;)\u00a0<strong>.<\/strong>\u00a0Nous proposons de <strong>nombreuses<\/strong>\u00a0<strong>activit\u00e9s aux enfants<\/strong> : Kart, Quad, Motos, Trampolines, voitures \u00e9lectriques et un parc de loisirs g\u00e9ant d\u00e9di\u00e9 au monde du sport m\u00e9canique : <strong>Speedooland<\/strong>!<\/p>\n<p><img fetchpriority=\"high\" decoding=\"async\" class=\"imgRight\" src=\"https:\/\/www.speedkart.fr\/wp-content\/uploads\/2016\/04\/_N8A3588.JPG\" alt=\"_N8A3588.JPG\" width=\"380\" height=\"254\" align=\"left\" \/><\/p>\n<p><strong><span style=\"color: #ff0000;\">&gt;<\/span> 5 circuits et plus de 100 engins \u00e0 votre disposition<br \/>\n<span style=\"color: #ff0000;\">&gt;<\/span> Un immense parking de 300 places<br \/>\n<span style=\"color: #ff0000;\">&gt;<\/span> Un Club House de 200m\u00b2,<br \/>\n<span style=\"color: #ff0000;\">&gt; <\/span>Une salle de restauration avec une immense terrasse pour vos repas,<br \/>\n<span style=\"color: #ff0000;\">&gt; <\/span>Une salle de r\u00e9union \u00e9quip\u00e9 avec vid\u00e9oprojecteur et \u00e9cran,<br \/>\n<span style=\"color: #ff0000;\">&gt; <\/span>Des vestiaires et des douches,<br \/>\n<\/strong><strong><span style=\"color: #ff0000;\">&gt; <\/span>Un espace de 1500 m\u00b2 bord\u00e9 de magnifiques palmiers\u00a0id\u00e9al pour toutes les animations ou expositions,<\/strong><strong><br \/>\n<\/strong><strong><strong><span style=\"color: #ff0000;\">&gt; <\/span><span style=\"color: #000000;\">U<\/span><\/strong>n parc de loisir d\u00e9di\u00e9 au monde des sports m\u00e9caniques avec toboggans gonflables et parcours aventure : <u>Le Speedooland<\/u> !<br \/>\n<\/strong><strong><strong><strong><span style=\"color: #ff0000;\">&gt; <\/span><\/strong><\/strong>14 trampolines pour le plus grand plaisir des petits et des grands.<br \/>\n<\/strong><span style=\"color: #ff0000;\">&gt; <\/span><strong><span style=\"color: #000000;\">Une \u00e9quipe accueillante de professionnels \u00e0 votre service.<\/span><\/strong><\/p>\n<p><strong><span style=\"color: #3300cc;\">De plus, Speedkart est situ\u00e9 dans un cadre exceptionnel, \u00e0 2 mn du port de Hy\u00e8res, \u00e0 3 mn des plages, \u00e0 4 mn des h\u00f4tels de bord de plage, \u00e0 5 mn de l&#8217;a\u00e9roport Toulon-Hy\u00e8res, \u00e0 6 mn du centre-ville, \u00e0 10 mn de la presqu&#8217;\u00eele de Giens, \u00e0 15 mn de Toulon, \u00e0 20 mn de Porquerolles, \u00e0 45 mn de St-Tropez, \u00e0 1h de Marseille, \u00e0 1h30 de Nice.<\/span><\/strong><\/p>\n<div>\n<p>Tout notre parc a \u00e9t\u00e9 pens\u00e9 dans les moindres d\u00e9tails pour vous accueillir avec 4 id\u00e9es majeures<strong> : votre plaisir, votre s\u00e9curit\u00e9, votre confort et la convivialit\u00e9.<\/strong><\/p>\n<p><img decoding=\"async\" class=\"imgLeft lazyload\" data-src=\"https:\/\/www.speedkart.fr\/wp-content\/uploads\/2016\/04\/IMG_9503.JPG\" alt=\"IMG_9503.JPG\" width=\"350\" height=\"233\" align=\"right\" src=\"data:image\/svg+xml;base64,PHN2ZyB3aWR0aD0iMSIgaGVpZ2h0PSIxIiB4bWxucz0iaHR0cDovL3d3dy53My5vcmcvMjAwMC9zdmciPjwvc3ZnPg==\" style=\"--smush-placeholder-width: 350px; --smush-placeholder-aspect-ratio: 350\/233;\" \/><\/p>\n<div>\n<p>Notre raisonnement est tout simple : si vous venez \u00e0 Speedkart, c&#8217;est pour passer un bon moment. Nous mettons donc tout en \u0153uvre pour que votre s\u00e9jour chez nous soit &#8220;grav\u00e9&#8221; en vous et inoubliable.<\/p>\n<\/div>\n<h3><span style=\"color: #ff0000;\">Speedkart se veut avant tout \u00eatre un parc de loisirs ouvert \u00e0 tous, du plus jeune au plus \u00e2g\u00e9, et cela, dans un esprit de d\u00e9tente, de d\u00e9foulement, de rigolade, d&#8217;\u00e9ducation, d&#8217;amusement&#8230;<\/span><\/h3>\n<div>\n<p>Speedkart, c&#8217;est une tr\u00e8s grande exp\u00e9rience. Le d\u00e9but de notre activit\u00e9 a commenc\u00e9 en 1983, et depuis le d\u00e9but de l&#8217;aventure, <strong>Speedkart n&#8217;a eu de cesse de cr\u00e9er, d&#8217;inventer, d&#8217;innover, avec pour unique but de faire du bon boulot, avec ces 4 id\u00e9es majeures.<\/strong> Mais c&#8217;est aussi notre plaisir que de r\u00e9ussir vos challenges, notre plaisir de vous voir sourire ; quand les enfants pilotent leur petite voiture comme papa et le bonheur des parents&#8230;<\/p>\n<p>Speedkart a \u00e9t\u00e9 tr\u00e8s souvent le pionnier, l&#8217;inventeur de certaines solutions techniques et certaines de ces id\u00e9es ont \u00e9t\u00e9 reprises et impos\u00e9es sur le march\u00e9 mondial. M\u00eame si nous pensons qu&#8217;il y a encore beaucoup \u00e0 faire dans le karting loisirs :<\/p>\n<h2 style=\"text-align: center;\"><span style=\"color: #3300cc;\"><strong>Speedkart est leader en France du karting loisirs en location grand public<\/strong>.<\/span><\/h2>\n<h2 style=\"text-align: center;\">[GALERIE-2]<\/h2>\n<\/div>\n<\/div>\n","protected":false},"excerpt":{"rendered":"<p>Notre Parc de Loisirs Notre parc de loisirs est sp\u00e9cialis\u00e9 dans la location de karting grand public\u00a0pour les adultes et les enfants et dans l&#8217;organisation de challenges priv\u00e9s (Entreprises, CE, groupes d&#8217;amis, familles, \u00e9v\u00e9nements particuliers&#8230;.) et challenges ouvert \u00e0 tous (Speedcup, Troph\u00e9e de saison, les 6h&#8230;)\u00a0.\u00a0Nous proposons de nombreuses\u00a0activit\u00e9s aux enfants : Kart, Quad, Motos,&hellip;&nbsp;<a href=\"https:\/\/www.speedkart.fr\/en\/speedkart-2\/\" rel=\"bookmark\">Read More &raquo;<span class=\"screen-reader-text\">Speedkart<\/span><\/a><\/p>\n","protected":false},"author":7,"featured_media":0,"parent":0,"menu_order":0,"comment_status":"closed","ping_status":"closed","template":"","meta":{"neve_meta_sidebar":"","neve_meta_container":"","neve_meta_enable_content_width":"","neve_meta_content_width":0,"neve_meta_title_alignment":"","neve_meta_author_avatar":"","neve_post_elements_order":"","neve_meta_disable_header":"","neve_meta_disable_footer":"","neve_meta_disable_title":"","neve_meta_reading_time":"","footnotes":""},"class_list":["post-84","page","type-page","status-publish","hentry"],"yoast_head":"<!-- This site is optimized with the Yoast SEO plugin v27.5 - https:\/\/yoast.com\/product\/yoast-seo-wordpress\/ -->\n<title>Speedkart - Speedkart<\/title>\n<meta name=\"robots\" content=\"index, follow, max-snippet:-1, max-image-preview:large, max-video-preview:-1\" \/>\n<link rel=\"canonical\" href=\"https:\/\/www.speedkart.fr\/en\/speedkart-2\/\" \/>\n<meta property=\"og:locale\" content=\"en_US\" \/>\n<meta property=\"og:type\" content=\"article\" \/>\n<meta property=\"og:title\" content=\"Speedkart - Speedkart\" \/>\n<meta property=\"og:description\" content=\"Notre Parc de Loisirs Notre parc de loisirs est sp\u00e9cialis\u00e9 dans la location de karting grand public\u00a0pour les adultes et les enfants et dans l&#8217;organisation de challenges priv\u00e9s (Entreprises, CE, groupes d&#8217;amis, familles, \u00e9v\u00e9nements particuliers&#8230;.) et challenges ouvert \u00e0 tous (Speedcup, Troph\u00e9e de saison, les 6h&#8230;)\u00a0.\u00a0Nous proposons de nombreuses\u00a0activit\u00e9s aux enfants : Kart, Quad, Motos,&hellip;&nbsp;Read More &raquo;Speedkart\" \/>\n<meta property=\"og:url\" content=\"https:\/\/www.speedkart.fr\/en\/speedkart-2\/\" \/>\n<meta property=\"og:site_name\" content=\"Speedkart\" \/>\n<meta property=\"article:modified_time\" content=\"2019-08-14T18:29:11+00:00\" \/>\n<meta property=\"og:image\" content=\"https:\/\/www.speedkart.fr\/wp-content\/uploads\/2016\/04\/_N8A3588.JPG\" \/>\n<meta name=\"twitter:card\" content=\"summary_large_image\" \/>\n<meta name=\"twitter:label1\" content=\"Est. reading time\" \/>\n\t<meta name=\"twitter:data1\" content=\"2 minutes\" \/>\n<script type=\"application\/ld+json\" class=\"yoast-schema-graph\">{\"@context\":\"https:\\\/\\\/schema.org\",\"@graph\":[{\"@type\":\"WebPage\",\"@id\":\"https:\\\/\\\/www.speedkart.fr\\\/en\\\/speedkart-2\\\/\",\"url\":\"https:\\\/\\\/www.speedkart.fr\\\/en\\\/speedkart-2\\\/\",\"name\":\"Speedkart - Speedkart\",\"isPartOf\":{\"@id\":\"https:\\\/\\\/www.speedkart.fr\\\/en\\\/#website\"},\"primaryImageOfPage\":{\"@id\":\"https:\\\/\\\/www.speedkart.fr\\\/en\\\/speedkart-2\\\/#primaryimage\"},\"image\":{\"@id\":\"https:\\\/\\\/www.speedkart.fr\\\/en\\\/speedkart-2\\\/#primaryimage\"},\"thumbnailUrl\":\"https:\\\/\\\/www.speedkart.fr\\\/wp-content\\\/uploads\\\/2016\\\/04\\\/_N8A3588.JPG\",\"datePublished\":\"2016-01-13T23:00:00+00:00\",\"dateModified\":\"2019-08-14T18:29:11+00:00\",\"breadcrumb\":{\"@id\":\"https:\\\/\\\/www.speedkart.fr\\\/en\\\/speedkart-2\\\/#breadcrumb\"},\"inLanguage\":\"en-US\",\"potentialAction\":[{\"@type\":\"ReadAction\",\"target\":[\"https:\\\/\\\/www.speedkart.fr\\\/en\\\/speedkart-2\\\/\"]}]},{\"@type\":\"ImageObject\",\"inLanguage\":\"en-US\",\"@id\":\"https:\\\/\\\/www.speedkart.fr\\\/en\\\/speedkart-2\\\/#primaryimage\",\"url\":\"https:\\\/\\\/www.speedkart.fr\\\/wp-content\\\/uploads\\\/2016\\\/04\\\/_N8A3588.JPG\",\"contentUrl\":\"https:\\\/\\\/www.speedkart.fr\\\/wp-content\\\/uploads\\\/2016\\\/04\\\/_N8A3588.JPG\"},{\"@type\":\"BreadcrumbList\",\"@id\":\"https:\\\/\\\/www.speedkart.fr\\\/en\\\/speedkart-2\\\/#breadcrumb\",\"itemListElement\":[{\"@type\":\"ListItem\",\"position\":1,\"name\":\"Home\",\"item\":\"https:\\\/\\\/www.speedkart.fr\\\/en\\\/\"},{\"@type\":\"ListItem\",\"position\":2,\"name\":\"Speedkart\"}]},{\"@type\":\"WebSite\",\"@id\":\"https:\\\/\\\/www.speedkart.fr\\\/en\\\/#website\",\"url\":\"https:\\\/\\\/www.speedkart.fr\\\/en\\\/\",\"name\":\"Speedkart\",\"description\":\"Circuit de karting adultes et enfants \u00e0 Hy\u00e8res - Var\",\"publisher\":{\"@id\":\"https:\\\/\\\/www.speedkart.fr\\\/en\\\/#organization\"},\"potentialAction\":[{\"@type\":\"SearchAction\",\"target\":{\"@type\":\"EntryPoint\",\"urlTemplate\":\"https:\\\/\\\/www.speedkart.fr\\\/en\\\/?s={search_term_string}\"},\"query-input\":{\"@type\":\"PropertyValueSpecification\",\"valueRequired\":true,\"valueName\":\"search_term_string\"}}],\"inLanguage\":\"en-US\"},{\"@type\":\"Organization\",\"@id\":\"https:\\\/\\\/www.speedkart.fr\\\/en\\\/#organization\",\"name\":\"Speedkart\",\"url\":\"https:\\\/\\\/www.speedkart.fr\\\/en\\\/\",\"logo\":{\"@type\":\"ImageObject\",\"inLanguage\":\"en-US\",\"@id\":\"https:\\\/\\\/www.speedkart.fr\\\/en\\\/#\\\/schema\\\/logo\\\/image\\\/\",\"url\":\"https:\\\/\\\/www.speedkart.fr\\\/wp-content\\\/uploads\\\/2019\\\/02\\\/Logo-Speedkart.jpg\",\"contentUrl\":\"https:\\\/\\\/www.speedkart.fr\\\/wp-content\\\/uploads\\\/2019\\\/02\\\/Logo-Speedkart.jpg\",\"width\":592,\"height\":130,\"caption\":\"Speedkart\"},\"image\":{\"@id\":\"https:\\\/\\\/www.speedkart.fr\\\/en\\\/#\\\/schema\\\/logo\\\/image\\\/\"}}]}<\/script>\n<!-- \/ Yoast SEO plugin. -->","yoast_head_json":{"title":"Speedkart - Speedkart","robots":{"index":"index","follow":"follow","max-snippet":"max-snippet:-1","max-image-preview":"max-image-preview:large","max-video-preview":"max-video-preview:-1"},"canonical":"https:\/\/www.speedkart.fr\/en\/speedkart-2\/","og_locale":"en_US","og_type":"article","og_title":"Speedkart - Speedkart","og_description":"Notre Parc de Loisirs Notre parc de loisirs est sp\u00e9cialis\u00e9 dans la location de karting grand public\u00a0pour les adultes et les enfants et dans l&#8217;organisation de challenges priv\u00e9s (Entreprises, CE, groupes d&#8217;amis, familles, \u00e9v\u00e9nements particuliers&#8230;.) et challenges ouvert \u00e0 tous (Speedcup, Troph\u00e9e de saison, les 6h&#8230;)\u00a0.\u00a0Nous proposons de nombreuses\u00a0activit\u00e9s aux enfants : Kart, Quad, Motos,&hellip;&nbsp;Read More &raquo;Speedkart","og_url":"https:\/\/www.speedkart.fr\/en\/speedkart-2\/","og_site_name":"Speedkart","article_modified_time":"2019-08-14T18:29:11+00:00","og_image":[{"url":"https:\/\/www.speedkart.fr\/wp-content\/uploads\/2016\/04\/_N8A3588.JPG","type":"","width":"","height":""}],"twitter_card":"summary_large_image","twitter_misc":{"Est. reading time":"2 minutes"},"schema":{"@context":"https:\/\/schema.org","@graph":[{"@type":"WebPage","@id":"https:\/\/www.speedkart.fr\/en\/speedkart-2\/","url":"https:\/\/www.speedkart.fr\/en\/speedkart-2\/","name":"Speedkart - Speedkart","isPartOf":{"@id":"https:\/\/www.speedkart.fr\/en\/#website"},"primaryImageOfPage":{"@id":"https:\/\/www.speedkart.fr\/en\/speedkart-2\/#primaryimage"},"image":{"@id":"https:\/\/www.speedkart.fr\/en\/speedkart-2\/#primaryimage"},"thumbnailUrl":"https:\/\/www.speedkart.fr\/wp-content\/uploads\/2016\/04\/_N8A3588.JPG","datePublished":"2016-01-13T23:00:00+00:00","dateModified":"2019-08-14T18:29:11+00:00","breadcrumb":{"@id":"https:\/\/www.speedkart.fr\/en\/speedkart-2\/#breadcrumb"},"inLanguage":"en-US","potentialAction":[{"@type":"ReadAction","target":["https:\/\/www.speedkart.fr\/en\/speedkart-2\/"]}]},{"@type":"ImageObject","inLanguage":"en-US","@id":"https:\/\/www.speedkart.fr\/en\/speedkart-2\/#primaryimage","url":"https:\/\/www.speedkart.fr\/wp-content\/uploads\/2016\/04\/_N8A3588.JPG","contentUrl":"https:\/\/www.speedkart.fr\/wp-content\/uploads\/2016\/04\/_N8A3588.JPG"},{"@type":"BreadcrumbList","@id":"https:\/\/www.speedkart.fr\/en\/speedkart-2\/#breadcrumb","itemListElement":[{"@type":"ListItem","position":1,"name":"Home","item":"https:\/\/www.speedkart.fr\/en\/"},{"@type":"ListItem","position":2,"name":"Speedkart"}]},{"@type":"WebSite","@id":"https:\/\/www.speedkart.fr\/en\/#website","url":"https:\/\/www.speedkart.fr\/en\/","name":"Speedkart","description":"Circuit de karting adultes et enfants \u00e0 Hy\u00e8res - Var","publisher":{"@id":"https:\/\/www.speedkart.fr\/en\/#organization"},"potentialAction":[{"@type":"SearchAction","target":{"@type":"EntryPoint","urlTemplate":"https:\/\/www.speedkart.fr\/en\/?s={search_term_string}"},"query-input":{"@type":"PropertyValueSpecification","valueRequired":true,"valueName":"search_term_string"}}],"inLanguage":"en-US"},{"@type":"Organization","@id":"https:\/\/www.speedkart.fr\/en\/#organization","name":"Speedkart","url":"https:\/\/www.speedkart.fr\/en\/","logo":{"@type":"ImageObject","inLanguage":"en-US","@id":"https:\/\/www.speedkart.fr\/en\/#\/schema\/logo\/image\/","url":"https:\/\/www.speedkart.fr\/wp-content\/uploads\/2019\/02\/Logo-Speedkart.jpg","contentUrl":"https:\/\/www.speedkart.fr\/wp-content\/uploads\/2019\/02\/Logo-Speedkart.jpg","width":592,"height":130,"caption":"Speedkart"},"image":{"@id":"https:\/\/www.speedkart.fr\/en\/#\/schema\/logo\/image\/"}}]}},"_links":{"self":[{"href":"https:\/\/www.speedkart.fr\/en\/wp-json\/wp\/v2\/pages\/84","targetHints":{"allow":["GET"]}}],"collection":[{"href":"https:\/\/www.speedkart.fr\/en\/wp-json\/wp\/v2\/pages"}],"about":[{"href":"https:\/\/www.speedkart.fr\/en\/wp-json\/wp\/v2\/types\/page"}],"author":[{"embeddable":true,"href":"https:\/\/www.speedkart.fr\/en\/wp-json\/wp\/v2\/users\/7"}],"replies":[{"embeddable":true,"href":"https:\/\/www.speedkart.fr\/en\/wp-json\/wp\/v2\/comments?post=84"}],"version-history":[{"count":0,"href":"https:\/\/www.speedkart.fr\/en\/wp-json\/wp\/v2\/pages\/84\/revisions"}],"wp:attachment":[{"href":"https:\/\/www.speedkart.fr\/en\/wp-json\/wp\/v2\/media?parent=84"}],"curies":[{"name":"wp","href":"https:\/\/api.w.org\/{rel}","templated":true}]}}